{"id":24,"date":"2019-12-18T11:47:08","date_gmt":"2019-12-18T10:47:08","guid":{"rendered":"https:\/\/copas.webdev.lu\/loi-asft\/"},"modified":"2024-06-28T14:05:35","modified_gmt":"2024-06-28T12:05:35","slug":"loi-asft","status":"publish","type":"page","link":"https:\/\/www.copas.lu\/de\/cadre-reglementaire\/loi-asft\/","title":{"rendered":"Gesetz zur Qualit\u00e4t der Dienstleistungen f\u00fcr \u00e4ltere Menschen"},"content":{"rendered":"","protected":false},"excerpt":{"rendered":"","protected":false},"author":1,"featured_media":1488,"parent":14,"menu_order":4,"comment_status":"closed","ping_status":"closed","template":"template-encadres-decales.php","meta":{"_acf_changed":false,"footnotes":""},"class_list":["post-24","page","type-page","status-publish","has-post-thumbnail","hentry"],"acf":[],"_links":{"self":[{"href":"https:\/\/www.copas.lu\/de\/wp-json\/wp\/v2\/pages\/24","targetHints":{"allow":["GET"]}}],"collection":[{"href":"https:\/\/www.copas.lu\/de\/wp-json\/wp\/v2\/pages"}],"about":[{"href":"https:\/\/www.copas.lu\/de\/wp-json\/wp\/v2\/types\/page"}],"author":[{"embeddable":true,"href":"https:\/\/www.copas.lu\/de\/wp-json\/wp\/v2\/users\/1"}],"replies":[{"embeddable":true,"href":"https:\/\/www.copas.lu\/de\/wp-json\/wp\/v2\/comments?post=24"}],"version-history":[{"count":10,"href":"https:\/\/www.copas.lu\/de\/wp-json\/wp\/v2\/pages\/24\/revisions"}],"predecessor-version":[{"id":12612,"href":"https:\/\/www.copas.lu\/de\/wp-json\/wp\/v2\/pages\/24\/revisions\/12612"}],"up":[{"embeddable":true,"href":"https:\/\/www.copas.lu\/de\/wp-json\/wp\/v2\/pages\/14"}],"wp:featuredmedia":[{"embeddable":true,"href":"https:\/\/www.copas.lu\/de\/wp-json\/wp\/v2\/media\/1488"}],"wp:attachment":[{"href":"https:\/\/www.copas.lu\/de\/wp-json\/wp\/v2\/media?parent=24"}],"curies":[{"name":"wp","href":"https:\/\/api.w.org\/{rel}","templated":true}]}}