{"id":1163,"date":"2020-02-07T13:00:50","date_gmt":"2020-02-07T12:00:50","guid":{"rendered":"https:\/\/copas.webdev.lu\/?page_id=1163"},"modified":"2020-08-26T11:49:47","modified_gmt":"2020-08-26T09:49:47","slug":"loi-asft","status":"publish","type":"page","link":"https:\/\/www.copas.lu\/de\/langage-facile\/cadre-reglementaire\/loi-asft\/","title":{"rendered":"A-S-F-T-Gesetz"},"content":{"rendered":"<p>Die Mitglieder von der COPAS m\u00fcssen sich an ein Gesetz halten, um einen Hilfs-Dienst zu leiten.<\/p>\n<p>Beispiel: ein Pflege-Heim betreiben.<\/p>\n<p>Dieses Gesetz wird <strong>A-S-F-T-Gesetz<\/strong> genannt.<\/p>\n<p>A-S-F-T steht auf Franz\u00f6sisch f\u00fcr <strong>A<\/strong>ctivit\u00e9 <strong>S<\/strong>ociale, <strong>F<\/strong>amiliale et <strong>T<\/strong>h\u00e9rapeutique.<\/p>\n<p>Das Gesetz macht die Regeln.<\/p>\n<p>Es schreibt vor:<br \/>\nSo m\u00fcssen die Hilfs-Dienste arbeiten.<br \/>\nSo m\u00fcssen die Geb\u00e4ude gebaut werden.<br \/>\nWenn ein Hilfs-Dienst sich nicht an das Gesetz h\u00e4lt, dann darf dieser Dienst nicht mehr arbeiten.<br \/>\nDer Staat kontrolliert regelm\u00e4\u00dfig, ob sich die Dienste an die Regeln halten.<\/p>","protected":false},"excerpt":{"rendered":"<p>Die Mitglieder von der COPAS m\u00fcssen sich an ein Gesetz halten, um einen Hilfs-Dienst zu leiten. Beispiel: ein Pflege-Heim betreiben. Dieses Gesetz wird A-S-F-T-Gesetz genannt. A-S-F-T steht auf Franz\u00f6sisch f\u00fcr Activit\u00e9 Sociale, Familiale et Th\u00e9rapeutique. Das Gesetz macht die Regeln. Es schreibt vor: So m\u00fcssen die Hilfs-Dienste arbeiten. So m\u00fcssen die Geb\u00e4ude gebaut werden. Wenn [&hellip;]<\/p>\n","protected":false},"author":1,"featured_media":1488,"parent":1159,"menu_order":3,"comment_status":"closed","ping_status":"closed","template":"template-langage-facile.php","meta":{"_acf_changed":false,"footnotes":""},"class_list":["post-1163","page","type-page","status-publish","has-post-thumbnail","hentry"],"acf":[],"_links":{"self":[{"href":"https:\/\/www.copas.lu\/de\/wp-json\/wp\/v2\/pages\/1163","targetHints":{"allow":["GET"]}}],"collection":[{"href":"https:\/\/www.copas.lu\/de\/wp-json\/wp\/v2\/pages"}],"about":[{"href":"https:\/\/www.copas.lu\/de\/wp-json\/wp\/v2\/types\/page"}],"author":[{"embeddable":true,"href":"https:\/\/www.copas.lu\/de\/wp-json\/wp\/v2\/users\/1"}],"replies":[{"embeddable":true,"href":"https:\/\/www.copas.lu\/de\/wp-json\/wp\/v2\/comments?post=1163"}],"version-history":[{"count":0,"href":"https:\/\/www.copas.lu\/de\/wp-json\/wp\/v2\/pages\/1163\/revisions"}],"up":[{"embeddable":true,"href":"https:\/\/www.copas.lu\/de\/wp-json\/wp\/v2\/pages\/1159"}],"wp:featuredmedia":[{"embeddable":true,"href":"https:\/\/www.copas.lu\/de\/wp-json\/wp\/v2\/media\/1488"}],"wp:attachment":[{"href":"https:\/\/www.copas.lu\/de\/wp-json\/wp\/v2\/media?parent=1163"}],"curies":[{"name":"wp","href":"https:\/\/api.w.org\/{rel}","templated":true}]}}