{"id":1162,"date":"2020-02-07T13:00:41","date_gmt":"2020-02-07T12:00:41","guid":{"rendered":"https:\/\/copas.webdev.lu\/?page_id=1162"},"modified":"2020-08-26T11:45:45","modified_gmt":"2020-08-26T09:45:45","slug":"assurance-maladie","status":"publish","type":"page","link":"https:\/\/www.copas.lu\/de\/langage-facile\/cadre-reglementaire\/assurance-maladie\/","title":{"rendered":"Kranken-Versicherung"},"content":{"rendered":"<p>Die Kranken-Versicherung <strong>bezahlt<\/strong> verschiedene <strong>Rechnungen<\/strong>, wenn jemand krank ist.<\/p>\n<p>Wir sagen auch: Krankenkasse.<\/p>\n<p>Die CNS ist eine Krankenkasse.<\/p>\n<p>Sie wird Gesundheits-Kasse genannt.<\/p>\n<p>Die CNS ist in Luxemburg zust\u00e4ndig f\u00fcr die Kranken-Versicherung.<\/p>\n<p>Die COPAS verhandelt die verschiedenen Tarife mit der CNS.<\/p>\n<p>Tarif hei\u00dft hier: Wie viel Geld die Kranken-Versicherung bezahlt.<\/p>\n<p>Zur Internet-Seite von der CNS: <a href=\"http:\/\/www.cns.lu\/de\" target=\"_blank\" rel=\"noopener noreferrer\">www.cns.lu\/de<\/a><\/p>","protected":false},"excerpt":{"rendered":"<p>Die Kranken-Versicherung bezahlt verschiedene Rechnungen, wenn jemand krank ist. Wir sagen auch: Krankenkasse. Die CNS ist eine Krankenkasse. Sie wird Gesundheits-Kasse genannt. Die CNS ist in Luxemburg zust\u00e4ndig f\u00fcr die Kranken-Versicherung. Die COPAS verhandelt die verschiedenen Tarife mit der CNS. Tarif hei\u00dft hier: Wie viel Geld die Kranken-Versicherung bezahlt. Zur Internet-Seite von der CNS: www.cns.lu\/de<\/p>\n","protected":false},"author":1,"featured_media":1487,"parent":1159,"menu_order":2,"comment_status":"closed","ping_status":"closed","template":"template-langage-facile.php","meta":{"_acf_changed":false,"footnotes":""},"class_list":["post-1162","page","type-page","status-publish","has-post-thumbnail","hentry"],"acf":[],"_links":{"self":[{"href":"https:\/\/www.copas.lu\/de\/wp-json\/wp\/v2\/pages\/1162","targetHints":{"allow":["GET"]}}],"collection":[{"href":"https:\/\/www.copas.lu\/de\/wp-json\/wp\/v2\/pages"}],"about":[{"href":"https:\/\/www.copas.lu\/de\/wp-json\/wp\/v2\/types\/page"}],"author":[{"embeddable":true,"href":"https:\/\/www.copas.lu\/de\/wp-json\/wp\/v2\/users\/1"}],"replies":[{"embeddable":true,"href":"https:\/\/www.copas.lu\/de\/wp-json\/wp\/v2\/comments?post=1162"}],"version-history":[{"count":0,"href":"https:\/\/www.copas.lu\/de\/wp-json\/wp\/v2\/pages\/1162\/revisions"}],"up":[{"embeddable":true,"href":"https:\/\/www.copas.lu\/de\/wp-json\/wp\/v2\/pages\/1159"}],"wp:featuredmedia":[{"embeddable":true,"href":"https:\/\/www.copas.lu\/de\/wp-json\/wp\/v2\/media\/1487"}],"wp:attachment":[{"href":"https:\/\/www.copas.lu\/de\/wp-json\/wp\/v2\/media?parent=1162"}],"curies":[{"name":"wp","href":"https:\/\/api.w.org\/{rel}","templated":true}]}}