{"id":1132,"date":"2020-02-07T12:26:50","date_gmt":"2020-02-07T11:26:50","guid":{"rendered":"https:\/\/copas.webdev.lu\/que-fait-la-copas\/"},"modified":"2020-08-26T11:24:35","modified_gmt":"2020-08-26T09:24:35","slug":"que-fait-la-copas","status":"publish","type":"page","link":"https:\/\/www.copas.lu\/de\/langage-facile\/a-propos\/que-fait-la-copas\/","title":{"rendered":"Was macht die COPAS\u00a0?"},"content":{"rendered":"<p>Die COPAS setzt sich ein f\u00fcr die <strong>Interessen<\/strong> von ihren Mitgliedern.<\/p>\n<p>Die COPAS setzt sich ein f\u00fcr die <strong>Ideen<\/strong> und f\u00fcr die <strong>Rechte<\/strong> von den Mitgliedern.<\/p>\n<p>Sie hilft den Mitgliedern, die Ideen umzusetzen.<\/p>\n<p>Sie <strong>redet mit den Politikern<\/strong>. Zum Beispiel mit den Ministern.<\/p>\n<p>Sie erkl\u00e4rt den Menschen und der Presse ihre Aufgaben.<\/p>\n<p>Die COPAS verhandelt <strong>Konventionen<\/strong> f\u00fcr die Mitglieder.<\/p>\n<p>Eine Konvention ist eine Art <strong>Vertrag<\/strong>. Anderes Wort: Kontrakt, Abmachung.<\/p>\n<p>Die COPAS <strong>informiert ihre Mitglieder<\/strong> \u00fcber wichtige Sachen.<\/p>\n<p>Sie <strong>organisiert Schulungen<\/strong> (Formationen).<\/p>\n<p>Die COPAS ist auch Mitglied im <strong>europ\u00e4ischen Verein FESE<\/strong>.<\/p>\n<p>Es ist der Verband von den europ\u00e4ischen Arbeit-Gebern im sozialen Bereich.<\/p>\n<p>FESE ist die englische Abk\u00fcrzung f\u00fcr \u201eFederation of European Social<br \/>\nEmployers\u201c.<\/p>","protected":false},"excerpt":{"rendered":"<p>Die COPAS setzt sich ein f\u00fcr die Interessen von ihren Mitgliedern. Die COPAS setzt sich ein f\u00fcr die Ideen und f\u00fcr die Rechte von den Mitgliedern. Sie hilft den Mitgliedern, die Ideen umzusetzen. Sie redet mit den Politikern. Zum Beispiel mit den Ministern. Sie erkl\u00e4rt den Menschen und der Presse ihre Aufgaben. Die COPAS verhandelt [&hellip;]<\/p>\n","protected":false},"author":1,"featured_media":1459,"parent":1130,"menu_order":1,"comment_status":"closed","ping_status":"closed","template":"template-langage-facile.php","meta":{"_acf_changed":false,"footnotes":""},"class_list":["post-1132","page","type-page","status-publish","has-post-thumbnail","hentry"],"acf":[],"_links":{"self":[{"href":"https:\/\/www.copas.lu\/de\/wp-json\/wp\/v2\/pages\/1132","targetHints":{"allow":["GET"]}}],"collection":[{"href":"https:\/\/www.copas.lu\/de\/wp-json\/wp\/v2\/pages"}],"about":[{"href":"https:\/\/www.copas.lu\/de\/wp-json\/wp\/v2\/types\/page"}],"author":[{"embeddable":true,"href":"https:\/\/www.copas.lu\/de\/wp-json\/wp\/v2\/users\/1"}],"replies":[{"embeddable":true,"href":"https:\/\/www.copas.lu\/de\/wp-json\/wp\/v2\/comments?post=1132"}],"version-history":[{"count":0,"href":"https:\/\/www.copas.lu\/de\/wp-json\/wp\/v2\/pages\/1132\/revisions"}],"up":[{"embeddable":true,"href":"https:\/\/www.copas.lu\/de\/wp-json\/wp\/v2\/pages\/1130"}],"wp:featuredmedia":[{"embeddable":true,"href":"https:\/\/www.copas.lu\/de\/wp-json\/wp\/v2\/media\/1459"}],"wp:attachment":[{"href":"https:\/\/www.copas.lu\/de\/wp-json\/wp\/v2\/media?parent=1132"}],"curies":[{"name":"wp","href":"https:\/\/api.w.org\/{rel}","templated":true}]}}